{"id":660,"date":"2025-03-24T10:01:29","date_gmt":"2025-03-24T10:01:29","guid":{"rendered":"http:\/\/www.runarmagh.com\/marathon\/?page_id=660"},"modified":"2026-03-23T14:36:11","modified_gmt":"2026-03-23T14:36:11","slug":"2025-run-armagh-late-st-patricks-day-marathon","status":"publish","type":"page","link":"http:\/\/www.runarmagh.com\/marathon\/2025-run-armagh-late-st-patricks-day-marathon\/","title":{"rendered":"2025 Run Armagh: (Late) St Patrick&#8217;s Day Marathon"},"content":{"rendered":"\n<h1 class=\"wp-block-heading\"><span style=\"text-decoration: underline;\"><strong>2025 Run Armagh: (Late) St Patrick&#8217;s Day Marathon<\/strong><\/span><\/h1>\n\n\n\n<h2 class=\"wp-block-heading\"><strong>Sunday, 23rd March 2025<\/strong><\/h2>\n\n\n\n<h2 class=\"wp-block-heading\">Athletics NI Permit: ANI\/0325\/RR3418<\/h2>\n\n\n\n<figure class=\"wp-block-table\"><table><tbody><tr><td><span style=\"text-decoration: underline;\"><strong>POS<\/strong><\/span><\/td><td><span style=\"text-decoration: underline;\"><strong>Name<\/strong><\/span><\/td><td><span style=\"text-decoration: underline;\"><strong>Time<\/strong><\/span><\/td><td><span style=\"text-decoration: underline;\"><strong>Event<\/strong><\/span><\/td><\/tr><tr><td>1<\/td><td>Siktorovas, Arturas<\/td><td>03:16:04<\/td><td>MARATHON<\/td><\/tr><tr><td>2<\/td><td>Benton, Sarah<\/td><td>03:20:16<\/td><td>MARATHON<\/td><\/tr><tr><td>3<\/td><td>Wylie, Laura<\/td><td>03:20:59<\/td><td>MARATHON<\/td><\/tr><tr><td>4<\/td><td>Mawhinney, Norman<\/td><td>03:23:46<\/td><td>MARATHON<\/td><\/tr><tr><td>5<\/td><td>Smith, Donald<\/td><td>03:27:28<\/td><td>MARATHON<\/td><\/tr><tr><td>6<\/td><td>Steele, Jenny<\/td><td>03:28:04<\/td><td>MARATHON<\/td><\/tr><tr><td>7<\/td><td>Houston, Dawn<\/td><td>03:28:31<\/td><td>MARATHON<\/td><\/tr><tr><td>8<\/td><td>Tohill, Mark<\/td><td>03:39:34<\/td><td>MARATHON<\/td><\/tr><tr><td>9<\/td><td>Bracken, Paul<\/td><td>03:47:34<\/td><td>MARATHON<\/td><\/tr><tr><td>10<\/td><td>Winters, Eugene<\/td><td>03:47:58<\/td><td>MARATHON<\/td><\/tr><tr><td>11<\/td><td>Hogan, Aidan<\/td><td>03:51:40<\/td><td>MARATHON<\/td><\/tr><tr><td>12<\/td><td>McManus, Francis<\/td><td>03:51:40<\/td><td>MARATHON<\/td><\/tr><tr><td>13<\/td><td>Beattie, Graham<\/td><td>03:58:42<\/td><td>MARATHON<\/td><\/tr><tr><td>14<\/td><td>Chapman, John<\/td><td>04:17:24<\/td><td>MARATHON<\/td><\/tr><tr><td>15<\/td><td>Chapman, Marie<\/td><td>04:18:24<\/td><td>MARATHON<\/td><\/tr><tr><td>16<\/td><td>O&#8217;Mara, Fionnuala<\/td><td>04:18:25<\/td><td>MARATHON<\/td><\/tr><tr><td>17<\/td><td>McCleary, Annamarie<\/td><td>04:19:26<\/td><td>MARATHON<\/td><\/tr><tr><td>18<\/td><td>Nicholson, Matthew<\/td><td>04:19:28<\/td><td>MARATHON<\/td><\/tr><tr><td>19<\/td><td>Nesbitt, Clive<\/td><td>04:19:32<\/td><td>MARATHON<\/td><\/tr><tr><td>20<\/td><td>Brasier, Stephen<\/td><td>04:22:44<\/td><td>MARATHON<\/td><\/tr><tr><td>21<\/td><td>Mist\u00e9il, R\u00f3n\u00e1n<\/td><td>04:26:51<\/td><td>MARATHON<\/td><\/tr><tr><td>22<\/td><td>Roddy, Gemma<\/td><td>04:36:54<\/td><td>MARATHON<\/td><\/tr><tr><td>23<\/td><td>Cassidy, Siobh\u00e0n<\/td><td>04:43:40<\/td><td>MARATHON<\/td><\/tr><tr><td>24<\/td><td>Gibson, Norma<\/td><td>04:50:01<\/td><td>MARATHON<\/td><\/tr><tr><td>25<\/td><td>Sweeney, John<\/td><td>04:53:30<\/td><td>MARATHON<\/td><\/tr><tr><td>26<\/td><td>Rimmer, Clare<\/td><td>04:56:14<\/td><td>MARATHON<\/td><\/tr><tr><td>27<\/td><td>Bracken, Judith<\/td><td>04:56:15<\/td><td>MARATHON<\/td><\/tr><tr><td>28<\/td><td>Titier, Pauline<\/td><td>04:57:12<\/td><td>MARATHON<\/td><\/tr><tr><td>29<\/td><td>Kelly, Steven<\/td><td>04:58:09<\/td><td>MARATHON<\/td><\/tr><tr><td>30<\/td><td>Rimmer, Martin<\/td><td>05:09:42<\/td><td>MARATHON<\/td><\/tr><tr><td>31<\/td><td>Briggs, Ashley<\/td><td>05:14:15<\/td><td>MARATHON<\/td><\/tr><tr><td>32<\/td><td>Ryan, Maighread<\/td><td>05:14:55<\/td><td>MARATHON<\/td><\/tr><tr><td>33<\/td><td>Carroll, Martin<\/td><td>05:54:50<\/td><td>MARATHON<\/td><\/tr><tr><td>34<\/td><td>Owen, David<\/td><td>06:03:10<\/td><td>MARATHON<\/td><\/tr><tr><td>35<\/td><td>Murray, Jaclyn<\/td><td>06:14:16<\/td><td>MARATHON<\/td><\/tr><tr><td>36<\/td><td>Stringer, Ivan<\/td><td>06:15:11<\/td><td>MARATHON<\/td><\/tr><tr><td>37<\/td><td>Murtagh, Gillian<\/td><td>06:27:50<\/td><td>MARATHON<\/td><\/tr><tr><td>38<\/td><td>Moynihan, Humphrey<\/td><td>06:34:35<\/td><td>MARATHON<\/td><\/tr><\/tbody><\/table><\/figure>\n\n\n\n<p>.<\/p>\n\n\n\n<figure class=\"wp-block-table\"><table><tbody><tr><td><span style=\"text-decoration: underline;\"><strong>POS<\/strong><\/span><\/td><td><span style=\"text-decoration: underline;\"><strong>Name<\/strong><\/span><\/td><td><span style=\"text-decoration: underline;\"><strong>Time<\/strong><\/span><\/td><td><span style=\"text-decoration: underline;\"><strong>Event<\/strong><\/span><\/td><\/tr><tr><td>1<\/td><td>May, Bryony<\/td><td>01:57:48<\/td><td>HALF<\/td><\/tr><tr><td>2<\/td><td>McConnell, Sam<\/td><td>02:00:47<\/td><td>HALF<\/td><\/tr><tr><td>3<\/td><td>Browne, Lorraine<\/td><td>02:03:25<\/td><td>HALF<\/td><\/tr><tr><td>4<\/td><td>Moore, Carla<\/td><td>02:12:06<\/td><td>HALF<\/td><\/tr><tr><td>5<\/td><td>Lavery, Neil<\/td><td>02:25:35<\/td><td>HALF<\/td><\/tr><tr><td>6<\/td><td>Burns, Janine<\/td><td>02:39:44<\/td><td>HALF<\/td><\/tr><\/tbody><\/table><\/figure>\n\n\n\n<p>.<\/p>\n\n\n\n<figure class=\"wp-block-table\"><table><tbody><tr><td><span style=\"text-decoration: underline;\"><strong>POS<\/strong><\/span><\/td><td><span style=\"text-decoration: underline;\"><strong>Name<\/strong><\/span><\/td><td><span style=\"text-decoration: underline;\"><strong>Time<\/strong><\/span><\/td><td><span style=\"text-decoration: underline;\"><strong>Event<\/strong><\/span><\/td><\/tr><tr><td>1<\/td><td>Mckenna, Sarah<\/td><td>00:58:18<\/td><td>10K<\/td><\/tr><tr><td>2<\/td><td>Roddy, Donna<\/td><td>01:17:50<\/td><td>10K<\/td><\/tr><tr><td>3<\/td><td>McCarville, Geraldine<\/td><td>01:24:07<\/td><td>10K<\/td><\/tr><tr><td>4<\/td><td>McGinnity, Marie<\/td><td>01:24:05<\/td><td>10K<\/td><\/tr><\/tbody><\/table><\/figure>\n\n\n\n<pre class=\"wp-block-code\"><code><\/code><\/pre>\n\n\n\n<pre class=\"wp-block-code\"><code><\/code><\/pre>\n\n\n\n<pre class=\"wp-block-code\"><code><\/code><\/pre>\n","protected":false},"excerpt":{"rendered":"<p>2025 Run Armagh: (Late) St Patrick&#8217;s Day Marathon Sunday, 23rd March 2025 Athletics NI Permit: ANI\/0325\/RR3418 POS Name Time Event 1 Siktorovas, Arturas 03:16:04 MARATHON 2 Benton, Sarah 03:20:16 MARATHON 3 Wylie, Laura 03:20:59 MARATHON 4 Mawhinney, Norman 03:23:46 MARATHON 5 Smith, Donald 03:27:28 MARATHON 6 Steele, Jenny 03:28:04 MARATHON 7 Houston, Dawn 03:28:31 MARATHON&#8230;<\/p>\n","protected":false},"author":1,"featured_media":0,"parent":0,"menu_order":0,"comment_status":"closed","ping_status":"closed","template":"full-width-page.php","meta":[],"_links":{"self":[{"href":"http:\/\/www.runarmagh.com\/marathon\/wp-json\/wp\/v2\/pages\/660"}],"collection":[{"href":"http:\/\/www.runarmagh.com\/marathon\/wp-json\/wp\/v2\/pages"}],"about":[{"href":"http:\/\/www.runarmagh.com\/marathon\/wp-json\/wp\/v2\/types\/page"}],"author":[{"embeddable":true,"href":"http:\/\/www.runarmagh.com\/marathon\/wp-json\/wp\/v2\/users\/1"}],"replies":[{"embeddable":true,"href":"http:\/\/www.runarmagh.com\/marathon\/wp-json\/wp\/v2\/comments?post=660"}],"version-history":[{"count":2,"href":"http:\/\/www.runarmagh.com\/marathon\/wp-json\/wp\/v2\/pages\/660\/revisions"}],"predecessor-version":[{"id":818,"href":"http:\/\/www.runarmagh.com\/marathon\/wp-json\/wp\/v2\/pages\/660\/revisions\/818"}],"wp:attachment":[{"href":"http:\/\/www.runarmagh.com\/marathon\/wp-json\/wp\/v2\/media?parent=660"}],"curies":[{"name":"wp","href":"https:\/\/api.w.org\/{rel}","templated":true}]}}